{"id":2,"date":"2023-04-13T18:31:07","date_gmt":"2023-04-13T18:31:07","guid":{"rendered":"https:\/\/autism.org.ro\/?page_id=2"},"modified":"2024-02-20T16:22:34","modified_gmt":"2024-02-20T16:22:34","slug":"doneaza-aici","status":"publish","type":"page","link":"https:\/\/autism.org.ro\/index.php\/doneaza-aici\/","title":{"rendered":"Doneaz\u0103 prin transfer sau completeaza formularul 230"},"content":{"rendered":"<p><\/p>\n\n<p>\u00a0<\/p>\n<p>Asocia\u021bia pentru Autism \u0219i Boli rare este o asocia\u021bie non-profit, apolitic\u0103, neguvernamental\u0103, \u00eenregistrat\u0103 \u00een registrul na\u021bional al asocia\u021biilor \u0219i funda\u021biilor \u00een anul 2012.<\/p>\n<div class=\"elementor-element elementor-element-46f8b25 elementor-widget elementor-widget-heading\" data-id=\"46f8b25\" data-element_type=\"widget\" data-widget_type=\"heading.default\">\n<div class=\"elementor-widget-container\">\n<h6 class=\"elementor-heading-title elementor-size-default\">DORESTI SA FII DE AJUTOR FARA SA TE COSTE NIMIC?<\/h6>\n<\/div>\n<\/div>\n<div class=\"elementor-element elementor-element-2b059517 elementor-widget elementor-widget-heading\" data-id=\"2b059517\" data-element_type=\"widget\" data-widget_type=\"heading.default\">\n<div class=\"elementor-widget-container\">\u00a0<\/div>\n<\/div>\n<p>Completati aici formularul 230: <a href=\"https:\/\/formular230.ro\/asociatia-pentru-autism-si-boli-rare\">ONG \u2013 Formular 230<\/a><\/p>\n<p>Nu uitati sa transmiteti formularul completat la neurodiversitate@gmail.com.<\/p>\n<p>Copiii cu autism si boli rare iti multumesc pentru ajutorul acordat.<\/p>\n<form action=\"https:\/\/www.paypal.com\/donate\" method=\"post\" target=\"_top\"><input name=\"hosted_button_id\" type=\"hidden\" value=\"P3SQTDEXRNKUQ\" \/><br \/><br \/><img decoding=\"async\" src=\"https:\/\/www.paypal.com\/en_US\/i\/scr\/pixel.gif\" alt=\"\" width=\"1\" height=\"1\" border=\"0\" \/><\/form>\n<p>\u00a0<\/p>\n<p>\u00a0<\/p>\n\n<p><\/p>\n<p><\/p>\n\n\n<\/p>\n<p>Se poate dona si prin trasfer bancar. Datele contului sunt urmatoarele:<\/p>\n<p>\n\n\n<p><\/p>\n<p><\/p>\n\n\n<\/p>\n<p>Beneficiar:\u00a0ASOCIATIA PENTRU AUTISM SI BOLI RARE<\/p>\n<p>\n\n\n<p><\/p>\n<p><\/p>\n\n\n<\/p>\n<p>CIF:\u00a031044953<\/p>\n<p>\n\n\n<p><\/p>\n<p><\/p>\n\n\n<\/p>\n<p>IBAN LEI:\u00a0RO44BTRLRONCRT00T0789402<\/p>\n<p>\n\n\n<p><\/p>\n<p><\/p>\n\n\n<\/p>\n<p>Banca LEI:\u00a0Banca Transilvania<\/p>\n<p>\n\n\n<p><\/p>\n<p><\/p>\n\n\n<\/p>\n<blockquote class=\"is-layout-flow wp-block-quote-is-layout-flow\">\n<p>\n\n<\/p>\n<p>Credem \u00een importan\u021ba tratamentului \u0219i a interven\u021biei astfel \u00eenc\u00e2t persoanele afectate de autism s\u0103 beneficieze urgent de tratamente eficiente de-a lungul vie\u021bii, at\u00e2t pentru a \u00eembun\u0103t\u0103\u021bi deficitele func\u021bionale asociate cu autismul, c\u00e2t \u0219i pentru varietatea de comorbidit\u0103\u021bi \u0219i condi\u021bii de s\u0103n\u0103tate care afecteaz\u0103 majoritatea persoanelor cu autism.<\/p>\n<p>\n\n<cite>Va multumim ca sunteti alaturi de noi!<\/cite><\/p>\n<\/blockquote>\n<p>\n\n\n<p><\/p>","protected":false},"excerpt":{"rendered":"<p>\u00a0 Asocia\u021bia pentru Autism \u0219i Boli rare este o asocia\u021bie non-profit, apolitic\u0103, neguvernamental\u0103, \u00eenregistrat\u0103 \u00een registrul na\u021bional al asocia\u021biilor \u0219i funda\u021biilor \u00een anul 2012. DORESTI SA FII DE AJUTOR FARA SA TE COSTE NIMIC? \u00a0 Completati aici formularul 230: ONG \u2013 Formular 230 Nu uitati sa transmiteti formularul completat la neurodiversitate@gmail.com. Copiii cu autism si [&hellip;]<\/p>\n","protected":false},"author":1,"featured_media":0,"parent":0,"menu_order":0,"comment_status":"closed","ping_status":"closed","template":"","meta":{"site-sidebar-layout":"default","site-content-layout":"","ast-site-content-layout":"default","site-content-style":"default","site-sidebar-style":"default","ast-global-header-display":"","ast-banner-title-visibility":"","ast-main-header-display":"","ast-hfb-above-header-display":"","ast-hfb-below-header-display":"","ast-hfb-mobile-header-display":"","site-post-title":"","ast-breadcrumbs-content":"","ast-featured-img":"","footer-sml-layout":"","theme-transparent-header-meta":"","adv-header-id-meta":"","stick-header-meta":"","header-above-stick-meta":"","header-main-stick-meta":"","header-below-stick-meta":"","astra-migrate-meta-layouts":"default","ast-page-background-enabled":"default","ast-page-background-meta":{"desktop":{"background-color":"","background-image":"","background-repeat":"repeat","background-position":"center center","background-size":"auto","background-attachment":"scroll","background-type":"","background-media":"","overlay-type":"","overlay-color":"","overlay-opacity":"","overlay-gradient":""},"tablet":{"background-color":"","background-image":"","background-repeat":"repeat","background-position":"center center","background-size":"auto","background-attachment":"scroll","background-type":"","background-media":"","overlay-type":"","overlay-color":"","overlay-opacity":"","overlay-gradient":""},"mobile":{"background-color":"","background-image":"","background-repeat":"repeat","background-position":"center center","background-size":"auto","background-attachment":"scroll","background-type":"","background-media":"","overlay-type":"","overlay-color":"","overlay-opacity":"","overlay-gradient":""}},"ast-content-background-meta":{"desktop":{"background-color":"var(--ast-global-color-5)","background-image":"","background-repeat":"repeat","background-position":"center center","background-size":"auto","background-attachment":"scroll","background-type":"","background-media":"","overlay-type":"","overlay-color":"","overlay-opacity":"","overlay-gradient":""},"tablet":{"background-color":"var(--ast-global-color-5)","background-image":"","background-repeat":"repeat","background-position":"center center","background-size":"auto","background-attachment":"scroll","background-type":"","background-media":"","overlay-type":"","overlay-color":"","overlay-opacity":"","overlay-gradient":""},"mobile":{"background-color":"var(--ast-global-color-5)","background-image":"","background-repeat":"repeat","background-position":"center center","background-size":"auto","background-attachment":"scroll","background-type":"","background-media":"","overlay-type":"","overlay-color":"","overlay-opacity":"","overlay-gradient":""}},"footnotes":""},"class_list":["post-2","page","type-page","status-publish","hentry"],"_links":{"self":[{"href":"https:\/\/autism.org.ro\/index.php\/wp-json\/wp\/v2\/pages\/2","targetHints":{"allow":["GET"]}}],"collection":[{"href":"https:\/\/autism.org.ro\/index.php\/wp-json\/wp\/v2\/pages"}],"about":[{"href":"https:\/\/autism.org.ro\/index.php\/wp-json\/wp\/v2\/types\/page"}],"author":[{"embeddable":true,"href":"https:\/\/autism.org.ro\/index.php\/wp-json\/wp\/v2\/users\/1"}],"replies":[{"embeddable":true,"href":"https:\/\/autism.org.ro\/index.php\/wp-json\/wp\/v2\/comments?post=2"}],"version-history":[{"count":12,"href":"https:\/\/autism.org.ro\/index.php\/wp-json\/wp\/v2\/pages\/2\/revisions"}],"predecessor-version":[{"id":514,"href":"https:\/\/autism.org.ro\/index.php\/wp-json\/wp\/v2\/pages\/2\/revisions\/514"}],"wp:attachment":[{"href":"https:\/\/autism.org.ro\/index.php\/wp-json\/wp\/v2\/media?parent=2"}],"curies":[{"name":"wp","href":"https:\/\/api.w.org\/{rel}","templated":true}]}}